{"id":1700,"date":"2025-09-30T13:07:40","date_gmt":"2025-09-30T10:07:40","guid":{"rendered":"https:\/\/ebt.fi\/?page_id=1700"},"modified":"2026-03-10T12:48:33","modified_gmt":"2026-03-10T10:48:33","slug":"payments-and-fees","status":"publish","type":"page","link":"https:\/\/ebt.fi\/en\/payments-and-fees\/","title":{"rendered":"Payments and fees"},"content":{"rendered":"\n<div class=\"wp-block-group\"><div class=\"wp-block-group__inner-container is-layout-constrained wp-block-group-is-layout-constrained\">\n<h2 class=\"wp-block-heading\">Season Payments<\/h2>\n\n\n\n<p><a href=\"#med-toimintamaksut-block_7c991f94ae57da8dcbc4d9b1ee96e17c\" class=\"mfp-link mfp-toimintamaksut\" title=\"Linkki aukeaa ponnahdusikkunaan\">Operational fees for 2025-2026 <svg class=\"fa fa-sm fa-link-external ms-1 me-1\" xmlns=\"http:\/\/www.w3.org\/2000\/svg\" viewBox=\"0 0 512 512\"><path d=\"M320 0c-17.7 0-32 14.3-32 32s14.3 32 32 32h82.7L201.4 265.4c-12.5 12.5-12.5 32.8 0 45.3s32.8 12.5 45.3 0L448 109.3V192c0 17.7 14.3 32 32 32s32-14.3 32-32V32c0-17.7-14.3-32-32-32H320zM80 32C35.8 32 0 67.8 0 112V432c0 44.2 35.8 80 80 80H400c44.2 0 80-35.8 80-80V320c0-17.7-14.3-32-32-32s-32 14.3-32 32V432c0 8.8-7.2 16-16 16H80c-8.8 0-16-7.2-16-16V112c0-8.8 7.2-16 16-16H192c17.7 0 32-14.3 32-32s-14.3-32-32-32H80z\"\/><\/svg><\/a><\/p>\n\n<div id=\"med-toimintamaksut-block_7c991f94ae57da8dcbc4d9b1ee96e17c\" class=\"med-toimintamaksut mfp-hide white-popup size-smaller\">\n\n\t\n\n<h3 class=\"wp-block-heading\">Operational fees 2025-2026<\/h3>\n\n\n\n<figure class=\"wp-block-table size-smaller is-style-stripes\"><table class=\"has-fixed-layout\"><thead><tr><th>Team\/Level<\/th><th>Cost<\/th><\/tr><\/thead><tbody><tr><td>U16-19 White<\/td><td>1985,00 \u20ac<\/td><\/tr><tr><td>U16-19 Black<\/td><td>1213,00 \u20ac<\/td><\/tr><tr><td>U15 (2011)<\/td><td>1745,00 \u20ac<\/td><\/tr><tr><td>U14 (2012)<\/td><td>1745,00 \u20ac<\/td><\/tr><tr><td>U13 (2013)<\/td><td>1213,00 \u20ac<\/td><\/tr><tr><td>U12 (2014)<\/td><td>1213,00 \u20ac<\/td><\/tr><tr><td>U11 (2015)<\/td><td>1213,00 <\/td><\/tr><tr><td>U10 (2016)<\/td><td>765,00 \u20ac<\/td><\/tr><tr><td>U9 (2017-18 yhdistelm\u00e4ryhm\u00e4t)<\/td><td>765,00 \u20ac<\/td><\/tr><tr><td>U8 (2018-19 yhdistelm\u00e4ryhm\u00e4t)<\/td><td>625,00 \u20ac<\/td><\/tr><tr><td><em><strong>Kahdessa er\u00e4ss\u00e4 laskutettavat ryhm\u00e4t:<\/strong><\/em><\/td><td><\/td><\/tr><tr><td>Pikkusudet <\/td><td>380,00 \u20ac<\/td><\/tr><tr><td>Pallokerho <\/td><td>380,00 \u20ac<\/td><\/tr><tr><td>Kevytkoris 1 krt \/ vk <\/td><td>440,00 \u20ac<\/td><\/tr><tr><td>Kevytkoris 2 krt \/ vk <\/td><td>700,00 \u20ac<\/td><\/tr><tr><td>Naiset 1. divisioona<\/td><td>410,00 \u20ac<\/td><\/tr><tr><td>Kuntokoris 1 krt \/ vk ja kuntokorissarjaa pelaavat naiset to harjoitus<\/td><td>398,00 \u20ac<\/td><\/tr><tr><td>Kuntokoris 2 krt \/ vk<\/td><td>690,00 \u20ac<\/td><\/tr><tr><td>Kuntokorissarjaa pelaavat naiset pelimaksu<\/td><td>100,00 \u20ac<\/td><\/tr><tr><td>Aikuisjoukkueet 1: Joukkuemaksu 1 (\u00c4ij\u00e4t)<\/td><td>4000 \u20ac<\/td><\/tr><tr><td>Aikuisjoukkueet: Joukkuemaksu 2<\/td><td>5500,00 \u20ac<\/td><\/tr><tr><td>Aikuisjoukkue miesten 2. divisioona EBT 2<\/td><td>6500,00 \u20ac<\/td><\/tr><tr><td>J\u00e4senmaksu<\/td><td>60,00 \u20ac<\/td><\/tr><tr><td>Kannatusj\u00e4senmaksu<\/td><td>120,00 \u20ac<\/td><\/tr><tr><td><\/td><td><\/td><\/tr><tr><td>Monilajialennus on 20% toimintamaksuista pelaajille, jotka ovat syntyneet vuonna 2011 tai my\u00f6hemmin.<\/td><td><\/td><\/tr><tr><td><\/td><td><\/td><\/tr><\/tbody><\/table><\/figure>\n\n\n<\/div>\n\n\n\n\n<div class=\"wp-block-columns is-not-stacked-on-mobile is-layout-flex wp-container-core-columns-is-layout-9d6595d7 wp-block-columns-is-layout-flex\">\n<div class=\"wp-block-column is-layout-flow wp-block-column-is-layout-flow\">\n<p>You can familiarize yourself with the basketball practices for two weeks without any commitment to payments.<\/p>\n\n\n\n<h3 class=\"wp-block-heading\">The season fees include:<\/h3>\n\n\n\n<ul class=\"wp-block-list\">\n<li>gym fees<\/li>\n\n\n\n<li>league fees to the Basketball Association\u2028<\/li>\n\n\n\n<li>coaching<\/li>\n\n\n\n<li>coaches&#8217; salaries, compensation, and training<\/li>\n\n\n\n<li>borrowing of a club-owned uniform for the playing season (for under 14s)<\/li>\n\n\n\n<li>coaches&#8217; licenses\u2028<\/li>\n\n\n\n<li>accounting for teams and the club<\/li>\n\n\n\n<li>club administration<\/li>\n\n\n\n<li>insurance for volunteers and coaches<\/li>\n<\/ul>\n\n\n\n<h3 class=\"wp-block-heading\">Excluded:<\/h3>\n\n\n\n<ul class=\"wp-block-list\">\n<li>Club membership fee of \u20ac60 (added to the first season payment)<\/li>\n\n\n\n<li>license and accident \/ trauma insurance<\/li>\n\n\n\n<li>referee fees<\/li>\n\n\n\n<li>tournament costs charged by the team to the players<\/li>\n\n\n\n<li>camp fees<\/li>\n\n\n\n<li>sports equipment (balls and shoes)<\/li>\n\n\n\n<li>travel costs for games<\/li>\n\n\n\n<li>uniform (for 14 years and older)<\/li>\n\n\n\n<li>national team fees<\/li>\n<\/ul>\n\n\n\n<div id=\"med-button-block_9802170efd73c4edd20a0bb29a11814f\" class=\"med-button\">\n\t\t\t<a class=\"btn btn-primary\" title=\"\" href=\"https:\/\/ebt.fi\/wp-content\/uploads\/2026\/03\/ebt-financial-regulations.pdf\" target=\"_blank\" rel=\"noopener\">\n\t\t\tFinancial Regulations<svg class=\"fa fa-file ms-2\" xmlns=\"http:\/\/www.w3.org\/2000\/svg\" viewBox=\"0 0 384 512\"><path d=\"M64 464c-8.8 0-16-7.2-16-16V64c0-8.8 7.2-16 16-16H224v80c0 17.7 14.3 32 32 32h80V448c0 8.8-7.2 16-16 16H64zM64 0C28.7 0 0 28.7 0 64V448c0 35.3 28.7 64 64 64H320c35.3 0 64-28.7 64-64V154.5c0-17-6.7-33.3-18.7-45.3L274.7 18.7C262.7 6.7 246.5 0 229.5 0H64zm56 256c-13.3 0-24 10.7-24 24s10.7 24 24 24H264c13.3 0 24-10.7 24-24s-10.7-24-24-24H120zm0 96c-13.3 0-24 10.7-24 24s10.7 24 24 24H264c13.3 0 24-10.7 24-24s-10.7-24-24-24H120z\"\/><\/svg>\t\t<\/a>\n\t<\/div>\n<\/div>\n\n\n\n<div class=\"wp-block-column is-layout-flow wp-block-column-is-layout-flow\">\n<h3 class=\"wp-block-heading\">Adult Team fees<\/h3>\n\n\n\n<p>The adult teams&#8217; team fee includes:<\/p>\n\n\n\n<ul class=\"wp-block-list\">\n<li>facility fees to the City of Espoo<\/li>\n\n\n\n<li>league fees to the Basketball Association<\/li>\n\n\n\n<li>accounting for teams and the club<\/li>\n\n\n\n<li>insurance for volunteers<\/li>\n<\/ul>\n\n\n\n<h3 class=\"wp-block-heading\">Multisport fee<\/h3>\n\n\n\n<p>At EBT, it is possible to participate to practicing with a separate Multi-sport activity fee. This is intended for players who have another time-consuming hobby. Read more about multi-sport players or ask for more information via email at toimisto@ebt.fi.<\/p>\n\n\n\n<div id=\"med-button-block_84b6db6876ac1e88da85c4cda4c254a1\" class=\"med-button\">\n\t\t\t<a class=\"btn btn-primary\" title=\"\" href=\"https:\/\/ebt.fi\/wp-content\/uploads\/2026\/03\/description-of-a-multisport-player.pdf\" target=\"_blank\" rel=\"noopener\">\n\t\t\tMultisport guidelines<svg class=\"fa fa-file ms-2\" xmlns=\"http:\/\/www.w3.org\/2000\/svg\" viewBox=\"0 0 384 512\"><path d=\"M64 464c-8.8 0-16-7.2-16-16V64c0-8.8 7.2-16 16-16H224v80c0 17.7 14.3 32 32 32h80V448c0 8.8-7.2 16-16 16H64zM64 0C28.7 0 0 28.7 0 64V448c0 35.3 28.7 64 64 64H320c35.3 0 64-28.7 64-64V154.5c0-17-6.7-33.3-18.7-45.3L274.7 18.7C262.7 6.7 246.5 0 229.5 0H64zm56 256c-13.3 0-24 10.7-24 24s10.7 24 24 24H264c13.3 0 24-10.7 24-24s-10.7-24-24-24H120zm0 96c-13.3 0-24 10.7-24 24s10.7 24 24 24H264c13.3 0 24-10.7 24-24s-10.7-24-24-24H120z\"\/><\/svg>\t\t<\/a>\n\t<\/div>\n\n\n\n<h3 class=\"wp-block-heading\">Membership Fees 2025-2026<\/h3>\n\n\n\n<p>Membership fee 60 \u20ac \/ person<br>Support membership fee 120 \u20ac \/ person<\/p>\n\n\n\n<p>All players must be club members, and the membership fee of 60 \u20ac will be invoiced separately in connection with the first activity fee.<\/p>\n\n\n\n<p>\u2028Team support personnel are also club members.<\/p>\n<\/div>\n<\/div>\n<\/div><\/div>\n","protected":false},"excerpt":{"rendered":"<p>Season Payments You can familiarize yourself with the basketball practices for two weeks without any commitment to payments. The season [\u2026] <a href=\"https:\/\/ebt.fi\/en\/payments-and-fees\/\">Lue lis\u00e4\u00e4<\/a><\/p>\n","protected":false},"author":1,"featured_media":0,"parent":0,"menu_order":0,"comment_status":"closed","ping_status":"closed","template":"","meta":{"_acf_changed":false,"footnotes":""},"class_list":["post-1700","page","type-page","status-publish","hentry"],"acf":{"show_full_width":true,"hide_title":false,"hide_thumbnail":true},"yoast_head":"<!-- This site is optimized with the Yoast SEO plugin v27.1.1 - https:\/\/yoast.com\/product\/yoast-seo-wordpress\/ -->\n<title>Payments and fees - Espoo Basket Team<\/title>\n<meta name=\"robots\" content=\"index, follow, max-snippet:-1, max-image-preview:large, max-video-preview:-1\" \/>\n<link rel=\"canonical\" href=\"https:\/\/ebt.fi\/en\/payments-and-fees\/\" \/>\n<meta property=\"og:locale\" content=\"en_US\" \/>\n<meta property=\"og:type\" content=\"article\" \/>\n<meta property=\"og:title\" content=\"Payments and fees - Espoo Basket Team\" \/>\n<meta property=\"og:description\" content=\"Season Payments You can familiarize yourself with the basketball practices for two weeks without any commitment to payments. The season [\u2026] Lue lis\u00e4\u00e4\" \/>\n<meta property=\"og:url\" content=\"https:\/\/ebt.fi\/en\/payments-and-fees\/\" \/>\n<meta property=\"og:site_name\" content=\"Espoo Basket Team\" \/>\n<meta property=\"article:modified_time\" content=\"2026-03-10T10:48:33+00:00\" \/>\n<meta name=\"twitter:card\" content=\"summary_large_image\" \/>\n<script type=\"application\/ld+json\" class=\"yoast-schema-graph\">{\"@context\":\"https:\/\/schema.org\",\"@graph\":[{\"@type\":\"WebPage\",\"@id\":\"https:\/\/ebt.fi\/en\/payments-and-fees\/\",\"url\":\"https:\/\/ebt.fi\/en\/payments-and-fees\/\",\"name\":\"Payments and fees - Espoo Basket Team\",\"isPartOf\":{\"@id\":\"https:\/\/ebt.fi\/#website\"},\"datePublished\":\"2025-09-30T10:07:40+00:00\",\"dateModified\":\"2026-03-10T10:48:33+00:00\",\"breadcrumb\":{\"@id\":\"https:\/\/ebt.fi\/en\/payments-and-fees\/#breadcrumb\"},\"inLanguage\":\"en-US\",\"potentialAction\":[{\"@type\":\"ReadAction\",\"target\":[\"https:\/\/ebt.fi\/en\/payments-and-fees\/\"]}]},{\"@type\":\"BreadcrumbList\",\"@id\":\"https:\/\/ebt.fi\/en\/payments-and-fees\/#breadcrumb\",\"itemListElement\":[{\"@type\":\"ListItem\",\"position\":1,\"name\":\"Etusivu\",\"item\":\"https:\/\/ebt.fi\/en\/\"},{\"@type\":\"ListItem\",\"position\":2,\"name\":\"Payments and fees\"}]},{\"@type\":\"WebSite\",\"@id\":\"https:\/\/ebt.fi\/#website\",\"url\":\"https:\/\/ebt.fi\/\",\"name\":\"Liane\",\"description\":\"\",\"publisher\":{\"@id\":\"https:\/\/ebt.fi\/#organization\"},\"potentialAction\":[{\"@type\":\"SearchAction\",\"target\":{\"@type\":\"EntryPoint\",\"urlTemplate\":\"https:\/\/ebt.fi\/?s={search_term_string}\"},\"query-input\":{\"@type\":\"PropertyValueSpecification\",\"valueRequired\":true,\"valueName\":\"search_term_string\"}}],\"inLanguage\":\"en-US\"},{\"@type\":\"Organization\",\"@id\":\"https:\/\/ebt.fi\/#organization\",\"name\":\"Liane\",\"url\":\"https:\/\/ebt.fi\/\",\"logo\":{\"@type\":\"ImageObject\",\"inLanguage\":\"en-US\",\"@id\":\"https:\/\/ebt.fi\/#\/schema\/logo\/image\/\",\"url\":\"https:\/\/ebt.fi\/wp-content\/uploads\/2024\/07\/logo-ebt.svg\",\"contentUrl\":\"https:\/\/ebt.fi\/wp-content\/uploads\/2024\/07\/logo-ebt.svg\",\"width\":168,\"height\":104,\"caption\":\"Liane\"},\"image\":{\"@id\":\"https:\/\/ebt.fi\/#\/schema\/logo\/image\/\"}}]}<\/script>\n<!-- \/ Yoast SEO plugin. -->","yoast_head_json":{"title":"Payments and fees - Espoo Basket Team","robots":{"index":"index","follow":"follow","max-snippet":"max-snippet:-1","max-image-preview":"max-image-preview:large","max-video-preview":"max-video-preview:-1"},"canonical":"https:\/\/ebt.fi\/en\/payments-and-fees\/","og_locale":"en_US","og_type":"article","og_title":"Payments and fees - Espoo Basket Team","og_description":"Season Payments You can familiarize yourself with the basketball practices for two weeks without any commitment to payments. The season [\u2026] Lue lis\u00e4\u00e4","og_url":"https:\/\/ebt.fi\/en\/payments-and-fees\/","og_site_name":"Espoo Basket Team","article_modified_time":"2026-03-10T10:48:33+00:00","twitter_card":"summary_large_image","schema":{"@context":"https:\/\/schema.org","@graph":[{"@type":"WebPage","@id":"https:\/\/ebt.fi\/en\/payments-and-fees\/","url":"https:\/\/ebt.fi\/en\/payments-and-fees\/","name":"Payments and fees - Espoo Basket Team","isPartOf":{"@id":"https:\/\/ebt.fi\/#website"},"datePublished":"2025-09-30T10:07:40+00:00","dateModified":"2026-03-10T10:48:33+00:00","breadcrumb":{"@id":"https:\/\/ebt.fi\/en\/payments-and-fees\/#breadcrumb"},"inLanguage":"en-US","potentialAction":[{"@type":"ReadAction","target":["https:\/\/ebt.fi\/en\/payments-and-fees\/"]}]},{"@type":"BreadcrumbList","@id":"https:\/\/ebt.fi\/en\/payments-and-fees\/#breadcrumb","itemListElement":[{"@type":"ListItem","position":1,"name":"Etusivu","item":"https:\/\/ebt.fi\/en\/"},{"@type":"ListItem","position":2,"name":"Payments and fees"}]},{"@type":"WebSite","@id":"https:\/\/ebt.fi\/#website","url":"https:\/\/ebt.fi\/","name":"Liane","description":"","publisher":{"@id":"https:\/\/ebt.fi\/#organization"},"potentialAction":[{"@type":"SearchAction","target":{"@type":"EntryPoint","urlTemplate":"https:\/\/ebt.fi\/?s={search_term_string}"},"query-input":{"@type":"PropertyValueSpecification","valueRequired":true,"valueName":"search_term_string"}}],"inLanguage":"en-US"},{"@type":"Organization","@id":"https:\/\/ebt.fi\/#organization","name":"Liane","url":"https:\/\/ebt.fi\/","logo":{"@type":"ImageObject","inLanguage":"en-US","@id":"https:\/\/ebt.fi\/#\/schema\/logo\/image\/","url":"https:\/\/ebt.fi\/wp-content\/uploads\/2024\/07\/logo-ebt.svg","contentUrl":"https:\/\/ebt.fi\/wp-content\/uploads\/2024\/07\/logo-ebt.svg","width":168,"height":104,"caption":"Liane"},"image":{"@id":"https:\/\/ebt.fi\/#\/schema\/logo\/image\/"}}]}},"publishpress_future_workflow_manual_trigger":{"enabledWorkflows":[]},"_links":{"self":[{"href":"https:\/\/ebt.fi\/en\/wp-json\/wp\/v2\/pages\/1700","targetHints":{"allow":["GET"]}}],"collection":[{"href":"https:\/\/ebt.fi\/en\/wp-json\/wp\/v2\/pages"}],"about":[{"href":"https:\/\/ebt.fi\/en\/wp-json\/wp\/v2\/types\/page"}],"author":[{"embeddable":true,"href":"https:\/\/ebt.fi\/en\/wp-json\/wp\/v2\/users\/1"}],"replies":[{"embeddable":true,"href":"https:\/\/ebt.fi\/en\/wp-json\/wp\/v2\/comments?post=1700"}],"version-history":[{"count":0,"href":"https:\/\/ebt.fi\/en\/wp-json\/wp\/v2\/pages\/1700\/revisions"}],"wp:attachment":[{"href":"https:\/\/ebt.fi\/en\/wp-json\/wp\/v2\/media?parent=1700"}],"curies":[{"name":"wp","href":"https:\/\/api.w.org\/{rel}","templated":true}]}}